{"id":36329,"date":"2023-01-25T12:32:54","date_gmt":"2023-01-25T11:32:54","guid":{"rendered":"https:\/\/www.confidencia-investigations.com\/enquetes-pour-particuliers\/"},"modified":"2025-01-08T06:11:48","modified_gmt":"2025-01-08T05:11:48","slug":"enquetes-pour-particuliers","status":"publish","type":"page","link":"https:\/\/www.confidencia-investigations.com\/en\/enquetes-pour-particuliers\/","title":{"rendered":"Individuals"},"content":{"rendered":"\t\t<div data-elementor-type=\"wp-page\" data-elementor-id=\"36329\" class=\"elementor elementor-36329 elementor-28248\" data-elementor-post-type=\"page\">\n\t\t\t\t\t\t\t\t\t<section class=\"elementor-section elementor-top-section elementor-element elementor-element-e9cd0a6 elementor-section-content-middle elementor-section-full_width elementor-section-height-default elementor-section-height-default\" data-id=\"e9cd0a6\" data-element_type=\"section\">\n\t\t\t\t\t\t<div class=\"elementor-container elementor-column-gap-extended\">\n\t\t\t\t\t<div class=\"elementor-column elementor-col-100 elementor-top-column elementor-element elementor-element-1554b18\" data-id=\"1554b18\" data-element_type=\"column\">\n\t\t\t<div class=\"elementor-widget-wrap elementor-element-populated\">\n\t\t\t\t\t\t\t\t<section class=\"elementor-section elementor-inner-section elementor-element elementor-element-b0b22f2 elementor-section-boxed elementor-section-height-default elementor-section-height-default\" data-id=\"b0b22f2\" data-element_type=\"section\">\n\t\t\t\t\t\t<div class=\"elementor-container elementor-column-gap-default\">\n\t\t\t\t\t<div class=\"elementor-column elementor-col-33 elementor-inner-column elementor-element elementor-element-8c6e14d\" data-id=\"8c6e14d\" data-element_type=\"column\">\n\t\t\t<div class=\"elementor-widget-wrap\">\n\t\t\t\t\t\t\t\t\t<\/div>\n\t\t<\/div>\n\t\t\t\t<div class=\"elementor-column elementor-col-33 elementor-inner-column elementor-element elementor-element-ac61312\" data-id=\"ac61312\" data-element_type=\"column\">\n\t\t\t<div class=\"elementor-widget-wrap elementor-element-populated\">\n\t\t\t\t\t\t\t\t<div class=\"elementor-element elementor-element-6e5aca9 animated-fast cea-tablet-align-center cea-align-center elementor-invisible elementor-widget elementor-widget-ceasectiontitle\" data-id=\"6e5aca9\" data-element_type=\"widget\" data-settings=\"{&quot;_animation&quot;:&quot;fadeInUp&quot;}\" data-widget_type=\"ceasectiontitle.default\">\n\t\t\t\t<div class=\"elementor-widget-container\">\n\t\t\t<div class=\"section-title-wrapper\"><div class=\"title-wrap\"><h3 class=\"section-title\">The surveys we offer<\/h3><\/div><!-- .title-wrap --><div class=\"section-description\"><\/div><!-- .section-description --><\/div><!-- .section-title-wrapper -->\t\t<\/div>\n\t\t\t\t<\/div>\n\t\t\t\t\t<\/div>\n\t\t<\/div>\n\t\t\t\t<div class=\"elementor-column elementor-col-33 elementor-inner-column elementor-element elementor-element-5a4a7b3\" data-id=\"5a4a7b3\" data-element_type=\"column\">\n\t\t\t<div class=\"elementor-widget-wrap\">\n\t\t\t\t\t\t\t\t\t<\/div>\n\t\t<\/div>\n\t\t\t\t\t\t\t<\/div>\n\t\t<\/section>\n\t\t\t\t<div class=\"elementor-element elementor-element-63c1e4e elementor-invisible elementor-widget elementor-widget-ceaservice\" data-id=\"63c1e4e\" data-element_type=\"widget\" data-settings=\"{&quot;_animation&quot;:&quot;fadeInUp&quot;}\" data-widget_type=\"ceaservice.default\">\n\t\t\t\t\r\n\t\t<div class=\"elementor-widget-container service-wrapper service-style-classic service-light service-normal-model\">\r\n\t\t\r\n\t\t\t<div class=\"row\"><div class=\"col-lg-6 col-md-6\" ><div class=\"service-inner\"><div class=\"post-thumb\"><a href=\"https:\/\/www.confidencia-investigations.com\/en\/service\/immobilier\/\" class=\"post-image-link\"><img decoding=\"async\" src=\"https:\/\/www.confidencia-investigations.com\/wp-content\/uploads\/2024\/01\/enquete-detective-prive-11.jpg\" title=\"enquete-detective-prive-11\" alt=\"Une sc\u00e8ne repr\u00e9sentant un \u00e9change d\u2019argent et de cl\u00e9s, symbolisant les transactions financi\u00e8res et la r\u00e9solution des impay\u00e9s. Cette image illustre la gestion des litiges et la r\u00e9cup\u00e9ration de cr\u00e9ances.\n\n\" class=\"img-fluid squared\" \/><\/a><\/div><!-- .post-thumb --><div class=\"service-icon-img-wrap\"><img decoding=\"async\" src=\"https:\/\/www.confidencia-investigations.com\/wp-content\/uploads\/2024\/01\/favicon.png\" class=\"img-fluid service-icon-img\" alt=\"Real estate\" \/><\/div><div class=\"entry-title\"><h4 class=\"post-title-head\"><a href=\"https:\/\/www.confidencia-investigations.com\/en\/service\/immobilier\/\" class=\"post-title\">Real estate<\/a><\/h4><\/div><!-- .entry-title --><\/div><!-- .service-inner --><\/div><!-- .col \/ .owl-carousel-item \/ .isotope --><div class=\"col-lg-6 col-md-6\" ><div class=\"service-inner\"><div class=\"post-thumb\"><a href=\"https:\/\/www.confidencia-investigations.com\/en\/service\/recherche-de-personnes\/\" class=\"post-image-link\"><img decoding=\"async\" src=\"https:\/\/www.confidencia-investigations.com\/wp-content\/uploads\/2022\/07\/enquete-detective-prive-13.jpg\" title=\"enquete-detective-prive-13\" alt=\"Deux d\u00e9tectives priv\u00e9s examinent des \u00e9l\u00e9ments de preuve dans un bureau, entour\u00e9s de documents, de photos, et d&#039;un tableau d&#039;enqu\u00eate avec des fils connectant divers indices.\n\n\" class=\"img-fluid squared img-fluid squared\" \/><\/a><\/div><!-- .post-thumb --><div class=\"service-icon-img-wrap\"><img decoding=\"async\" src=\"https:\/\/www.confidencia-investigations.com\/wp-content\/uploads\/2024\/01\/favicon.png\" class=\"img-fluid service-icon-img\" alt=\"People search\" \/><\/div><div class=\"entry-title\"><h4 class=\"post-title-head\"><a href=\"https:\/\/www.confidencia-investigations.com\/en\/service\/recherche-de-personnes\/\" class=\"post-title\">People search<\/a><\/h4><\/div><!-- .entry-title --><\/div><!-- .service-inner --><\/div><!-- .col \/ .owl-carousel-item \/ .isotope --><\/div><!-- .row --><div class=\"row\"><div class=\"col-lg-6 col-md-6\" ><div class=\"service-inner\"><div class=\"post-thumb\"><a href=\"https:\/\/www.confidencia-investigations.com\/en\/service\/protection-de-lenfance\/\" class=\"post-image-link\"><img decoding=\"async\" src=\"https:\/\/www.confidencia-investigations.com\/wp-content\/uploads\/2022\/07\/enquete-detective-prive-15.jpg\" title=\"enquete-detective-prive-15\" alt=\"Un enfant flou en arri\u00e8re-plan, se cachant le visage derri\u00e8re un grillage m\u00e9tallique rouill\u00e9, \u00e9voquant un sentiment d\u2019isolement ou de d\u00e9tresse.\n\n\" class=\"img-fluid squared img-fluid squared img-fluid squared\" \/><\/a><\/div><!-- .post-thumb --><div class=\"service-icon-img-wrap\"><img decoding=\"async\" src=\"https:\/\/www.confidencia-investigations.com\/wp-content\/uploads\/2024\/01\/favicon.png\" class=\"img-fluid service-icon-img\" alt=\"Child protection\" \/><\/div><div class=\"entry-title\"><h4 class=\"post-title-head\"><a href=\"https:\/\/www.confidencia-investigations.com\/en\/service\/protection-de-lenfance\/\" class=\"post-title\">Child protection<\/a><\/h4><\/div><!-- .entry-title --><\/div><!-- .service-inner --><\/div><!-- .col \/ .owl-carousel-item \/ .isotope --><div class=\"col-lg-6 col-md-6\" ><div class=\"service-inner\"><div class=\"post-thumb\"><a href=\"https:\/\/www.confidencia-investigations.com\/en\/service\/divorce-infidelite\/\" class=\"post-image-link\"><img decoding=\"async\" src=\"https:\/\/www.confidencia-investigations.com\/wp-content\/uploads\/2022\/07\/enquete-detective-prive-17.jpg\" title=\"enquete-detective-prive-17\" alt=\"Un homme tenant un appareil photo avec un t\u00e9l\u00e9objectif, capturant discr\u00e8tement des images d&#039;un couple en interaction dans une rue calme.\n\n\" class=\"img-fluid squared img-fluid squared img-fluid squared img-fluid squared\" \/><\/a><\/div><!-- .post-thumb --><div class=\"service-icon-img-wrap\"><img decoding=\"async\" src=\"https:\/\/www.confidencia-investigations.com\/wp-content\/uploads\/2024\/01\/favicon.png\" class=\"img-fluid service-icon-img\" alt=\"Divorce\/infidelity\" \/><\/div><div class=\"entry-title\"><h4 class=\"post-title-head\"><a href=\"https:\/\/www.confidencia-investigations.com\/en\/service\/divorce-infidelite\/\" class=\"post-title\">Divorce\/infidelity<\/a><\/h4><\/div><!-- .entry-title --><\/div><!-- .service-inner --><\/div><!-- .col \/ .owl-carousel-item \/ .isotope --><\/div><!-- .row -->\t\t\t\r\n\t\t<\/div>\r\n\t\t\t\t<\/div>\n\t\t\t\t\t<\/div>\n\t\t<\/div>\n\t\t\t\t\t\t\t<\/div>\n\t\t<\/section>\n\t\t\t\t\t\t\t<\/div>\n\t\t","protected":false},"excerpt":{"rendered":"<p>The surveys we offer Real estate People search Child protection..<\/p>\n","protected":false},"author":1,"featured_media":0,"parent":0,"menu_order":0,"comment_status":"closed","ping_status":"closed","template":"","meta":{"footnotes":""},"class_list":["post-36329","page","type-page","status-publish","hentry"],"yoast_head":"<!-- This site is optimized with the Yoast SEO plugin v24.0 - https:\/\/yoast.com\/wordpress\/plugins\/seo\/ -->\n<title>Private Investigator for Individuals<\/title>\n<meta name=\"description\" content=\"Hire a Licensed Private Detective for Individuals with CONFIDENCIA Investigations\u00ae in Marseille, Nice, Toulon, Aix-en-Provence, Avignon, Antibes, Cannes, La Seyne-sur-Mer, Hy\u00e8res, Fr\u00e9jus, Grasse, Vitrolles, Martigues, Draguignan, Manosque, Gap, Salon-de-Provence, and Monaco.\" \/>\n<meta name=\"robots\" content=\"index, follow, max-snippet:-1, max-image-preview:large, max-video-preview:-1\" \/>\n<link rel=\"canonical\" href=\"https:\/\/www.confidencia-investigations.com\/en\/enquetes-pour-particuliers\/\" \/>\n<meta property=\"og:locale\" content=\"en_US\" \/>\n<meta property=\"og:type\" content=\"article\" \/>\n<meta property=\"og:title\" content=\"Private Investigator for Individuals\" \/>\n<meta property=\"og:description\" content=\"Hire a Licensed Private Detective for Individuals with CONFIDENCIA Investigations\u00ae in Marseille, Nice, Toulon, Aix-en-Provence, Avignon, Antibes, Cannes, La Seyne-sur-Mer, Hy\u00e8res, Fr\u00e9jus, Grasse, Vitrolles, Martigues, Draguignan, Manosque, Gap, Salon-de-Provence, and Monaco.\" \/>\n<meta property=\"og:url\" content=\"https:\/\/www.confidencia-investigations.com\/en\/enquetes-pour-particuliers\/\" \/>\n<meta property=\"og:site_name\" content=\"Confidencia Investigations\" \/>\n<meta property=\"article:modified_time\" content=\"2025-01-08T05:11:48+00:00\" \/>\n<meta property=\"og:image\" content=\"https:\/\/www.confidencia-investigations.com\/wp-content\/uploads\/2024\/01\/enquete-detective-prive-11.jpg\" \/>\n<meta name=\"twitter:card\" content=\"summary_large_image\" \/>\n<meta name=\"twitter:label1\" content=\"Est. reading time\" \/>\n\t<meta name=\"twitter:data1\" content=\"2 minutes\" \/>\n<script type=\"application\/ld+json\" class=\"yoast-schema-graph\">{\"@context\":\"https:\/\/schema.org\",\"@graph\":[{\"@type\":\"WebPage\",\"@id\":\"https:\/\/www.confidencia-investigations.com\/en\/enquetes-pour-particuliers\/\",\"url\":\"https:\/\/www.confidencia-investigations.com\/en\/enquetes-pour-particuliers\/\",\"name\":\"Private Investigator for Individuals\",\"isPartOf\":{\"@id\":\"https:\/\/www.confidencia-investigations.com\/#website\"},\"primaryImageOfPage\":{\"@id\":\"https:\/\/www.confidencia-investigations.com\/en\/enquetes-pour-particuliers\/#primaryimage\"},\"image\":{\"@id\":\"https:\/\/www.confidencia-investigations.com\/en\/enquetes-pour-particuliers\/#primaryimage\"},\"thumbnailUrl\":\"https:\/\/www.confidencia-investigations.com\/wp-content\/uploads\/2024\/01\/enquete-detective-prive-11.jpg\",\"datePublished\":\"2023-01-25T11:32:54+00:00\",\"dateModified\":\"2025-01-08T05:11:48+00:00\",\"description\":\"Hire a Licensed Private Detective for Individuals with CONFIDENCIA Investigations\u00ae in Marseille, Nice, Toulon, Aix-en-Provence, Avignon, Antibes, Cannes, La Seyne-sur-Mer, Hy\u00e8res, Fr\u00e9jus, Grasse, Vitrolles, Martigues, Draguignan, Manosque, Gap, Salon-de-Provence, and Monaco.\",\"breadcrumb\":{\"@id\":\"https:\/\/www.confidencia-investigations.com\/en\/enquetes-pour-particuliers\/#breadcrumb\"},\"inLanguage\":\"en-US\",\"potentialAction\":[{\"@type\":\"ReadAction\",\"target\":[\"https:\/\/www.confidencia-investigations.com\/en\/enquetes-pour-particuliers\/\"]}]},{\"@type\":\"ImageObject\",\"inLanguage\":\"en-US\",\"@id\":\"https:\/\/www.confidencia-investigations.com\/en\/enquetes-pour-particuliers\/#primaryimage\",\"url\":\"https:\/\/www.confidencia-investigations.com\/wp-content\/uploads\/2024\/01\/enquete-detective-prive-11.jpg\",\"contentUrl\":\"https:\/\/www.confidencia-investigations.com\/wp-content\/uploads\/2024\/01\/enquete-detective-prive-11.jpg\"},{\"@type\":\"BreadcrumbList\",\"@id\":\"https:\/\/www.confidencia-investigations.com\/en\/enquetes-pour-particuliers\/#breadcrumb\",\"itemListElement\":[{\"@type\":\"ListItem\",\"position\":1,\"name\":\"Home\",\"item\":\"https:\/\/www.confidencia-investigations.com\/en\/\"},{\"@type\":\"ListItem\",\"position\":2,\"name\":\"Individuals\"}]},{\"@type\":\"WebSite\",\"@id\":\"https:\/\/www.confidencia-investigations.com\/#website\",\"url\":\"https:\/\/www.confidencia-investigations.com\/\",\"name\":\"Confidencia Investigations\",\"description\":\"Agences de d\u00e9tectives priv\u00e9s\",\"potentialAction\":[{\"@type\":\"SearchAction\",\"target\":{\"@type\":\"EntryPoint\",\"urlTemplate\":\"https:\/\/www.confidencia-investigations.com\/?s={search_term_string}\"},\"query-input\":{\"@type\":\"PropertyValueSpecification\",\"valueRequired\":true,\"valueName\":\"search_term_string\"}}],\"inLanguage\":\"en-US\"}]}<\/script>\n<!-- \/ Yoast SEO plugin. -->","yoast_head_json":{"title":"Private Investigator for Individuals","description":"Hire a Licensed Private Detective for Individuals with CONFIDENCIA Investigations\u00ae in Marseille, Nice, Toulon, Aix-en-Provence, Avignon, Antibes, Cannes, La Seyne-sur-Mer, Hy\u00e8res, Fr\u00e9jus, Grasse, Vitrolles, Martigues, Draguignan, Manosque, Gap, Salon-de-Provence, and Monaco.","robots":{"index":"index","follow":"follow","max-snippet":"max-snippet:-1","max-image-preview":"max-image-preview:large","max-video-preview":"max-video-preview:-1"},"canonical":"https:\/\/www.confidencia-investigations.com\/en\/enquetes-pour-particuliers\/","og_locale":"en_US","og_type":"article","og_title":"Private Investigator for Individuals","og_description":"Hire a Licensed Private Detective for Individuals with CONFIDENCIA Investigations\u00ae in Marseille, Nice, Toulon, Aix-en-Provence, Avignon, Antibes, Cannes, La Seyne-sur-Mer, Hy\u00e8res, Fr\u00e9jus, Grasse, Vitrolles, Martigues, Draguignan, Manosque, Gap, Salon-de-Provence, and Monaco.","og_url":"https:\/\/www.confidencia-investigations.com\/en\/enquetes-pour-particuliers\/","og_site_name":"Confidencia Investigations","article_modified_time":"2025-01-08T05:11:48+00:00","og_image":[{"url":"https:\/\/www.confidencia-investigations.com\/wp-content\/uploads\/2024\/01\/enquete-detective-prive-11.jpg","type":"","width":"","height":""}],"twitter_card":"summary_large_image","twitter_misc":{"Est. reading time":"2 minutes"},"schema":{"@context":"https:\/\/schema.org","@graph":[{"@type":"WebPage","@id":"https:\/\/www.confidencia-investigations.com\/en\/enquetes-pour-particuliers\/","url":"https:\/\/www.confidencia-investigations.com\/en\/enquetes-pour-particuliers\/","name":"Private Investigator for Individuals","isPartOf":{"@id":"https:\/\/www.confidencia-investigations.com\/#website"},"primaryImageOfPage":{"@id":"https:\/\/www.confidencia-investigations.com\/en\/enquetes-pour-particuliers\/#primaryimage"},"image":{"@id":"https:\/\/www.confidencia-investigations.com\/en\/enquetes-pour-particuliers\/#primaryimage"},"thumbnailUrl":"https:\/\/www.confidencia-investigations.com\/wp-content\/uploads\/2024\/01\/enquete-detective-prive-11.jpg","datePublished":"2023-01-25T11:32:54+00:00","dateModified":"2025-01-08T05:11:48+00:00","description":"Hire a Licensed Private Detective for Individuals with CONFIDENCIA Investigations\u00ae in Marseille, Nice, Toulon, Aix-en-Provence, Avignon, Antibes, Cannes, La Seyne-sur-Mer, Hy\u00e8res, Fr\u00e9jus, Grasse, Vitrolles, Martigues, Draguignan, Manosque, Gap, Salon-de-Provence, and Monaco.","breadcrumb":{"@id":"https:\/\/www.confidencia-investigations.com\/en\/enquetes-pour-particuliers\/#breadcrumb"},"inLanguage":"en-US","potentialAction":[{"@type":"ReadAction","target":["https:\/\/www.confidencia-investigations.com\/en\/enquetes-pour-particuliers\/"]}]},{"@type":"ImageObject","inLanguage":"en-US","@id":"https:\/\/www.confidencia-investigations.com\/en\/enquetes-pour-particuliers\/#primaryimage","url":"https:\/\/www.confidencia-investigations.com\/wp-content\/uploads\/2024\/01\/enquete-detective-prive-11.jpg","contentUrl":"https:\/\/www.confidencia-investigations.com\/wp-content\/uploads\/2024\/01\/enquete-detective-prive-11.jpg"},{"@type":"BreadcrumbList","@id":"https:\/\/www.confidencia-investigations.com\/en\/enquetes-pour-particuliers\/#breadcrumb","itemListElement":[{"@type":"ListItem","position":1,"name":"Home","item":"https:\/\/www.confidencia-investigations.com\/en\/"},{"@type":"ListItem","position":2,"name":"Individuals"}]},{"@type":"WebSite","@id":"https:\/\/www.confidencia-investigations.com\/#website","url":"https:\/\/www.confidencia-investigations.com\/","name":"Confidencia Investigations","description":"Agences de d\u00e9tectives priv\u00e9s","potentialAction":[{"@type":"SearchAction","target":{"@type":"EntryPoint","urlTemplate":"https:\/\/www.confidencia-investigations.com\/?s={search_term_string}"},"query-input":{"@type":"PropertyValueSpecification","valueRequired":true,"valueName":"search_term_string"}}],"inLanguage":"en-US"}]}},"_links":{"self":[{"href":"https:\/\/www.confidencia-investigations.com\/en\/wp-json\/wp\/v2\/pages\/36329","targetHints":{"allow":["GET"]}}],"collection":[{"href":"https:\/\/www.confidencia-investigations.com\/en\/wp-json\/wp\/v2\/pages"}],"about":[{"href":"https:\/\/www.confidencia-investigations.com\/en\/wp-json\/wp\/v2\/types\/page"}],"author":[{"embeddable":true,"href":"https:\/\/www.confidencia-investigations.com\/en\/wp-json\/wp\/v2\/users\/1"}],"replies":[{"embeddable":true,"href":"https:\/\/www.confidencia-investigations.com\/en\/wp-json\/wp\/v2\/comments?post=36329"}],"version-history":[{"count":5,"href":"https:\/\/www.confidencia-investigations.com\/en\/wp-json\/wp\/v2\/pages\/36329\/revisions"}],"predecessor-version":[{"id":41208,"href":"https:\/\/www.confidencia-investigations.com\/en\/wp-json\/wp\/v2\/pages\/36329\/revisions\/41208"}],"wp:attachment":[{"href":"https:\/\/www.confidencia-investigations.com\/en\/wp-json\/wp\/v2\/media?parent=36329"}],"curies":[{"name":"wp","href":"https:\/\/api.w.org\/{rel}","templated":true}]}}